{"id":118,"date":"2024-04-02T20:41:54","date_gmt":"2024-04-02T23:41:54","guid":{"rendered":"http:\/\/200.201.11.162\/website\/?page_id=118"},"modified":"2024-04-04T11:27:48","modified_gmt":"2024-04-04T14:27:48","slug":"infraestrutura-e-recursos-computacionais","status":"publish","type":"page","link":"https:\/\/cct.uenp.edu.br\/?page_id=118","title":{"rendered":"Infraestrutura e Recursos Computacionais"},"content":{"rendered":"\n<p>Laborat\u00f3rios<\/p>\n\n\n\n<p>Salas de Aula<\/p>\n\n\n\n<p>Servidores<\/p>\n\n\n\n<p><a href=\"http:\/\/200.201.11.162:8080\/reserva\/\"><strong>Sistema de Reserva<\/strong><\/a> (Laborat\u00f3rios e Sala de Aula)<\/p>\n\n\n\n<p><a href=\"https:\/\/cct.uenp.edu.br\/?page_id=278\" data-type=\"page\" data-id=\"278\"><strong>Autentica\u00e7\u00e3o de Usu\u00e1rios nos Laborat\u00f3rios de Inform\u00e1tica<\/strong><\/a><\/p>\n\n\n\n<p><\/p>\n\n\n\n<p><\/p>\n","protected":false},"excerpt":{"rendered":"<p>Laborat\u00f3rios Salas de Aula Servidores Sistema de Reserva (Laborat\u00f3rios e Sala de Aula) Autentica\u00e7\u00e3o de Usu\u00e1rios nos Laborat\u00f3rios de Inform\u00e1tica<\/p>\n","protected":false},"author":1,"featured_media":0,"parent":0,"menu_order":0,"comment_status":"closed","ping_status":"closed","template":"","meta":{"footnotes":""},"class_list":["post-118","page","type-page","status-publish","hentry"],"_links":{"self":[{"href":"https:\/\/cct.uenp.edu.br\/index.php?rest_route=\/wp\/v2\/pages\/118","targetHints":{"allow":["GET"]}}],"collection":[{"href":"https:\/\/cct.uenp.edu.br\/index.php?rest_route=\/wp\/v2\/pages"}],"about":[{"href":"https:\/\/cct.uenp.edu.br\/index.php?rest_route=\/wp\/v2\/types\/page"}],"author":[{"embeddable":true,"href":"https:\/\/cct.uenp.edu.br\/index.php?rest_route=\/wp\/v2\/users\/1"}],"replies":[{"embeddable":true,"href":"https:\/\/cct.uenp.edu.br\/index.php?rest_route=%2Fwp%2Fv2%2Fcomments&post=118"}],"version-history":[{"count":3,"href":"https:\/\/cct.uenp.edu.br\/index.php?rest_route=\/wp\/v2\/pages\/118\/revisions"}],"predecessor-version":[{"id":306,"href":"https:\/\/cct.uenp.edu.br\/index.php?rest_route=\/wp\/v2\/pages\/118\/revisions\/306"}],"wp:attachment":[{"href":"https:\/\/cct.uenp.edu.br\/index.php?rest_route=%2Fwp%2Fv2%2Fmedia&parent=118"}],"curies":[{"name":"wp","href":"https:\/\/api.w.org\/{rel}","templated":true}]}}