{"id":178,"date":"2024-04-03T05:14:19","date_gmt":"2024-04-03T08:14:19","guid":{"rendered":"https:\/\/cct.uenp.edu.br\/?page_id=178"},"modified":"2025-04-14T17:18:32","modified_gmt":"2025-04-14T20:18:32","slug":"aex","status":"publish","type":"page","link":"https:\/\/cct.uenp.edu.br\/?page_id=178","title":{"rendered":"AEX"},"content":{"rendered":"\n<p class=\"has-white-color has-luminous-vivid-orange-background-color has-text-color has-background has-link-color wp-elements-57b44e0784615c2b2a18fad52f298f06\"><strong>Atividade Curricular de Extens\u00e3o<\/strong><\/p>\n\n\n\n<p class=\"has-black-color has-text-color has-link-color wp-elements-b599318dc4b6f755ed432b7cd5955b34\">De acordo com o regimento institucional, s\u00e3o consideradas a\u00e7\u00f5es de extens\u00e3o curricular as interven\u00e7\u00f5es realizadas por acad\u00eamicos e professores que envolvam diretamente a comunidade externa \u00e0 Institui\u00e7\u00e3o de Ensino Superior e que estejam vinculadas \u00e0 forma\u00e7\u00e3o do acad\u00eamico.<\/p>\n\n\n\n<p class=\"has-black-color has-text-color has-link-color wp-elements-ca52128691302b0a89eda394c14f1c2e\"><a href=\"https:\/\/uenp.edu.br\/doc-proec\/proec-documentos-gerais\/21390-resolucao-003-2022-cepe-regulamento-institucional-de-atividade-curricular-de-extensao\/file\" data-type=\"link\" data-id=\"https:\/\/uenp.edu.br\/doc-proec\/proec-documentos-gerais\/21390-resolucao-003-2022-cepe-regulamento-institucional-de-atividade-curricular-de-extensao\/file\"><strong>Resolu\u00e7\u00e3o n\u00ba 003\/2022 CEPE\/UENP.<\/strong><\/a><\/p>\n\n\n\n<p class=\"has-vivid-red-color has-text-color has-link-color wp-elements-bf6e7919248a8c5b9dfe9d3c1d4388f6\"><strong>Curso de Computa\u00e7\u00e3o (Licenciatura)<\/strong><\/p>\n\n\n\n<p class=\"has-black-color has-text-color has-link-color wp-elements-7564de2ae910949d97171dc81c713b0d\"><strong>2024-2025 &#8211; Produ\u00e7\u00e3o de material educativo sobre os seguintes temas:<\/strong><\/p>\n\n\n\n<p class=\"has-luminous-vivid-orange-color has-text-color has-link-color wp-elements-7d0b8762c2fe42cd7bce4ab3c234fd26\"><strong>1<a href=\"https:\/\/cct.uenp.edu.br\/aex\/Cyberbullying,%20discurso%20de%20%c3%b3dio%20e%20discrimina%c3%a7%c3%a3o%20na%20internet.zip\"> &#8211; Cyberbullying, discurso de \u00f3dio e discrimina\u00e7\u00e3o na internet<\/a><\/strong><\/p>\n\n\n\n<p class=\"has-luminous-vivid-orange-color has-text-color has-link-color wp-elements-db4e1bab7e3961f7bd4eea1bc179b0f0\"><strong>2 &#8211; <a href=\"https:\/\/cct.uenp.edu.br\/aex\/Fake%20news%20e%20compartilhamento%20respons%c3%a1vel%20de%20conte%c3%bados.zip\" data-type=\"link\" data-id=\"https:\/\/cct.uenp.edu.br\/aex\/Fake%20news%20e%20compartilhamento%20respons%c3%a1vel%20de%20conte%c3%bados.zip\">Fake news e compartilhamento respons\u00e1vel de conte\u00fados<\/a><\/strong><\/p>\n\n\n\n<p class=\"has-luminous-vivid-orange-color has-text-color has-link-color wp-elements-489e9e8b6f43d486db9da66b839c4077\"><strong>3 &#8211; <a href=\"https:\/\/cct.uenp.edu.br\/aex\/Exposi%c3%a7%c3%a3o%20na%20Internet,%20ass%c3%a9dio%20ou%20dissemina%c3%a7%c3%a3o%20de%20imagens.zip\">Exposi\u00e7\u00e3o na Internet, ass\u00e9dio ou dissemina\u00e7\u00e3o de imagens<\/a><\/strong><\/p>\n\n\n\n<p class=\"has-luminous-vivid-orange-color has-text-color has-link-color wp-elements-22eb17705e56fd0752ecdb5927159001\"><strong>4 &#8211; Prote\u00e7\u00e3o \u00e0 privacidade e aos dados pessoais<\/strong><\/p>\n\n\n\n<p class=\"has-luminous-vivid-orange-color has-text-color has-link-color wp-elements-98b731046a433ddafc2768136d343e1e\"><strong><a href=\"https:\/\/cct.uenp.edu.br\/aex\/Exposi%c3%a7%c3%a3o%20na%20Internet,%20ass%c3%a9dio%20ou%20dissemina%c3%a7%c3%a3o%20de%20imagens.zip\">5 &#8211; Problemas de sa\u00fade f\u00edsica e mental causados pela internet<\/a><\/strong><\/p>\n\n\n\n<p class=\"has-luminous-vivid-orange-color has-text-color has-link-color wp-elements-eba3c8783b815ee02ad089d84c34cab4\"><strong>6 &#8211; Exposi\u00e7\u00e3o \u00e0 publicidade e ao consumo na Internet<\/strong><\/p>\n\n\n\n<p class=\"has-black-color has-text-color has-link-color wp-elements-9ac00cf961d1ea846fe5a532228b76c6\"><\/p>\n\n\n\n<p class=\"has-black-color has-text-color has-link-color wp-elements-9ac00cf961d1ea846fe5a532228b76c6\"><\/p>\n\n\n\n<p><\/p>\n\n\n\n<p><\/p>\n","protected":false},"excerpt":{"rendered":"<p>Atividade Curricular de Extens\u00e3o De acordo com o regimento institucional, s\u00e3o consideradas a\u00e7\u00f5es de extens\u00e3o curricular as interven\u00e7\u00f5es realizadas por acad\u00eamicos e professores que envolvam diretamente a comunidade externa \u00e0 Institui\u00e7\u00e3o de Ensino Superior e que estejam vinculadas \u00e0 forma\u00e7\u00e3o do acad\u00eamico. Resolu\u00e7\u00e3o n\u00ba 003\/2022 CEPE\/UENP. Curso de Computa\u00e7\u00e3o (Licenciatura) 2024-2025 &#8211; Produ\u00e7\u00e3o de material&hellip; <br \/> <a class=\"read-more\" href=\"https:\/\/cct.uenp.edu.br\/?page_id=178\">Leia mais<\/a><\/p>\n","protected":false},"author":1,"featured_media":0,"parent":0,"menu_order":0,"comment_status":"closed","ping_status":"closed","template":"","meta":{"footnotes":""},"class_list":["post-178","page","type-page","status-publish","hentry"],"_links":{"self":[{"href":"https:\/\/cct.uenp.edu.br\/index.php?rest_route=\/wp\/v2\/pages\/178","targetHints":{"allow":["GET"]}}],"collection":[{"href":"https:\/\/cct.uenp.edu.br\/index.php?rest_route=\/wp\/v2\/pages"}],"about":[{"href":"https:\/\/cct.uenp.edu.br\/index.php?rest_route=\/wp\/v2\/types\/page"}],"author":[{"embeddable":true,"href":"https:\/\/cct.uenp.edu.br\/index.php?rest_route=\/wp\/v2\/users\/1"}],"replies":[{"embeddable":true,"href":"https:\/\/cct.uenp.edu.br\/index.php?rest_route=%2Fwp%2Fv2%2Fcomments&post=178"}],"version-history":[{"count":17,"href":"https:\/\/cct.uenp.edu.br\/index.php?rest_route=\/wp\/v2\/pages\/178\/revisions"}],"predecessor-version":[{"id":555,"href":"https:\/\/cct.uenp.edu.br\/index.php?rest_route=\/wp\/v2\/pages\/178\/revisions\/555"}],"wp:attachment":[{"href":"https:\/\/cct.uenp.edu.br\/index.php?rest_route=%2Fwp%2Fv2%2Fmedia&parent=178"}],"curies":[{"name":"wp","href":"https:\/\/api.w.org\/{rel}","templated":true}]}}