{"id":278,"date":"2024-04-04T08:16:44","date_gmt":"2024-04-04T11:16:44","guid":{"rendered":"https:\/\/cct.uenp.edu.br\/?page_id=278"},"modified":"2024-04-14T07:03:23","modified_gmt":"2024-04-14T10:03:23","slug":"autenticacao-de-usuarios","status":"publish","type":"page","link":"https:\/\/cct.uenp.edu.br\/?page_id=278","title":{"rendered":"Autentica\u00e7\u00e3o de Usu\u00e1rios"},"content":{"rendered":"<p><span style=\"color: #000000;\">Para acesso aos computadores dispostos nos laborat\u00f3rios de inform\u00e1tica do CCT o(a) acad\u00eamico(a) necessitar\u00e1 de um login individual de usu\u00e1rio. <\/span><\/p>\n<p><span style=\"color: #000000;\">Um pr\u00e9-cadastro realizado pela equipe de suporte do CCT no\u00a0 <a style=\"color: #000000;\" href=\"https:\/\/learn.microsoft.com\/pt-br\/entra\/identity\/\" target=\"_blank\" rel=\"noopener\">Microsoft Entra ID<\/a>\u00a0 permitir\u00e1 que o(a) acad\u00eamico(a) possa dar continuidade ao acesso aos computadores. <\/span><\/p>\n<p>&nbsp;<\/p>\n<p><strong>Considere as seguintes informa\u00e7\u00f5es:<\/strong><\/p>\n<h3>1 &#8211; Composi\u00e7\u00e3o do Login de Acesso:<\/h3>\n<p><span style=\"color: #333333;\">O crit\u00e9rio utilizado para composi\u00e7\u00e3o das credenciais de acesso considera o uso de nomes sem acentua\u00e7\u00e3o, n\u00fameros\u00a0 ou caracteres especiais. Para o login, foi definido o uso do primeiro e o \u00faltimo do discente, salvo em casos de hom\u00f4nimos.<\/span><\/p>\n<p><span style=\"color: #000000;\">Para a senha tempor\u00e1ria, o crit\u00e9rio foi o primeiro nome em letra mai\u00fascula acrescido dos 7 \u00faltimos d\u00edgitos do RA acad\u00eamico.\u00a0 Vejamos,<\/span><\/p>\n<h3>Exemplo:\u00a0 <span style=\"color: #ff0000;\"><strong><span style=\"color: #993366;\">Alan Mathison Turing<\/span><\/strong>\u00a0<span style=\"color: #000000;\"> \u00a0\u00a0\u00a0\u00a0 RA:\u00a0<\/span> <strong><span style=\"color: #993366;\">201411113030732<\/span><\/strong><\/span><\/h3>\n\n<div class=\"wp-block-image\">\n<figure class=\"aligncenter size-full is-resized\"><img loading=\"lazy\" decoding=\"async\" width=\"951\" height=\"650\" src=\"https:\/\/cct.uenp.edu.br\/wp-content\/uploads\/2024\/04\/estrutura_credencial_acesso.jpg\" alt=\"\" class=\"wp-image-282\" style=\"width:613px;height:auto\" srcset=\"https:\/\/cct.uenp.edu.br\/wp-content\/uploads\/2024\/04\/estrutura_credencial_acesso.jpg 951w, https:\/\/cct.uenp.edu.br\/wp-content\/uploads\/2024\/04\/estrutura_credencial_acesso-300x205.jpg 300w, https:\/\/cct.uenp.edu.br\/wp-content\/uploads\/2024\/04\/estrutura_credencial_acesso-768x525.jpg 768w\" sizes=\"auto, (max-width: 951px) 100vw, 951px\" \/><figcaption class=\"wp-element-caption\">Figura 1<\/figcaption><\/figure>\n<\/div>\n\n<h3>2 &#8211; Mudan\u00e7a de Senha<\/h3>\n<p><span style=\"color: #000000;\">Visite o site:\u00a0<\/span> <a href=\"https:\/\/myapplications.microsoft.com\"><span style=\"color: #0000ff;\"><strong>https:\/\/myapplications.microsoft.com\u00a0<\/strong><\/span><\/a><\/p>\n<p><span style=\"color: #000000;\">e entre com sua credenciais: <strong>nomeinicial<\/strong> . <strong>ultimonome<\/strong>@<strong>labcct.net.br <\/strong>e senha tempor\u00e1ria.<\/span><\/p>\n<p>&nbsp;<\/p>\n\n<div class=\"wp-block-image\">\n<figure class=\"aligncenter size-full\"><img loading=\"lazy\" decoding=\"async\" width=\"439\" height=\"474\" src=\"https:\/\/cct.uenp.edu.br\/wp-content\/uploads\/2024\/04\/mudar_senha.png\" alt=\"\" class=\"wp-image-284\" srcset=\"https:\/\/cct.uenp.edu.br\/wp-content\/uploads\/2024\/04\/mudar_senha.png 439w, https:\/\/cct.uenp.edu.br\/wp-content\/uploads\/2024\/04\/mudar_senha-278x300.png 278w\" sizes=\"auto, (max-width: 439px) 100vw, 439px\" \/><figcaption class=\"wp-element-caption\">Figura 2<\/figcaption><\/figure>\n<\/div>\n\n<h3>3 &#8211; Acesso as m\u00e1quinas nos laborat\u00f3rios<\/h3>\n<p style=\"padding-left: 40px;\"><span style=\"color: #000000;\">Na tela de login clique na op\u00e7\u00e3o &#8220;<\/span><span style=\"color: #ff0000;\">Outro Usu\u00e1rio<\/span><span style=\"color: #000000;\">&#8221; (canto inferior esquerdo do v\u00eddeo):<\/span><\/p>\n<p><a href=\"https:\/\/cct.uenp.edu.br\/?attachment_id=350\" rel=\"attachment wp-att-350\"><img loading=\"lazy\" decoding=\"async\" class=\"size-medium wp-image-350 aligncenter\" src=\"https:\/\/cct.uenp.edu.br\/wp-content\/uploads\/2024\/04\/tela_0-300x225.png\" alt=\"\" width=\"300\" height=\"225\" srcset=\"https:\/\/cct.uenp.edu.br\/wp-content\/uploads\/2024\/04\/tela_0-300x225.png 300w, https:\/\/cct.uenp.edu.br\/wp-content\/uploads\/2024\/04\/tela_0-768x576.png 768w, https:\/\/cct.uenp.edu.br\/wp-content\/uploads\/2024\/04\/tela_0.png 1024w\" sizes=\"auto, (max-width: 300px) 100vw, 300px\" \/><\/a><\/p>\n<p style=\"text-align: left; padding-left: 40px;\"><span style=\"color: #000000;\">Em seguida, uma tela de Hello para sua conta ser\u00e1 exibida. Voc\u00ea pode clicar em <\/span><span style=\"color: #ff0000;\">OK<\/span><\/p>\n<p><a href=\"https:\/\/cct.uenp.edu.br\/?attachment_id=351\" rel=\"attachment wp-att-351\"><img loading=\"lazy\" decoding=\"async\" class=\"size-medium wp-image-351 aligncenter\" src=\"https:\/\/cct.uenp.edu.br\/wp-content\/uploads\/2024\/04\/tela1-300x169.png\" alt=\"\" width=\"300\" height=\"169\" srcset=\"https:\/\/cct.uenp.edu.br\/wp-content\/uploads\/2024\/04\/tela1-300x169.png 300w, https:\/\/cct.uenp.edu.br\/wp-content\/uploads\/2024\/04\/tela1-1024x576.png 1024w, https:\/\/cct.uenp.edu.br\/wp-content\/uploads\/2024\/04\/tela1-768x432.png 768w, https:\/\/cct.uenp.edu.br\/wp-content\/uploads\/2024\/04\/tela1-1536x864.png 1536w, https:\/\/cct.uenp.edu.br\/wp-content\/uploads\/2024\/04\/tela1.png 1600w\" sizes=\"auto, (max-width: 300px) 100vw, 300px\" \/><\/a><\/p>\n<p><span style=\"color: #000000;\">Por padr\u00e3o, \u00e9 dado in\u00edcio ao processo e autentica\u00e7\u00e3o, troca de senha e instala\u00e7\u00e3o de um autenticador em seu smartphone. <\/span><\/p>\n<p><span style=\"color: #000000;\">Caso prefira realizar esse procedimento em outro momento, basta <span style=\"color: #ff0000;\">fechar a tela<\/span> ( canto superior direito). <br \/><\/span><\/p>\n<p><a href=\"https:\/\/cct.uenp.edu.br\/?attachment_id=359\" rel=\"attachment wp-att-359\"><img loading=\"lazy\" decoding=\"async\" class=\"size-medium wp-image-359 aligncenter\" src=\"https:\/\/cct.uenp.edu.br\/wp-content\/uploads\/2024\/04\/tela2_-300x169.png\" alt=\"\" width=\"300\" height=\"169\" srcset=\"https:\/\/cct.uenp.edu.br\/wp-content\/uploads\/2024\/04\/tela2_-300x169.png 300w, https:\/\/cct.uenp.edu.br\/wp-content\/uploads\/2024\/04\/tela2_-1024x576.png 1024w, https:\/\/cct.uenp.edu.br\/wp-content\/uploads\/2024\/04\/tela2_-768x432.png 768w, https:\/\/cct.uenp.edu.br\/wp-content\/uploads\/2024\/04\/tela2_-1536x864.png 1536w, https:\/\/cct.uenp.edu.br\/wp-content\/uploads\/2024\/04\/tela2_.png 1600w\" sizes=\"auto, (max-width: 300px) 100vw, 300px\" \/><\/a><\/p>\n<p><span style=\"color: #000000;\">Considerando o fato de que foi temporariamente &#8220;cancelado&#8221; o processo, voc\u00ea tamb\u00e9m poder\u00e1<span style=\"color: #ff0000;\"><strong> ignorar a tela de erro<\/strong><\/span>.<\/span><\/p>\n<p><span style=\"color: #000000;\">Assim, em outro momento (prazo de 14 dias que se inicia a partir do seu primeiro login, sugere-se fortemente baixar o autenticador (MFA &#8211; Autenticador Multifator). <\/span><\/p>\n<p style=\"text-align: center;\"><a href=\"https:\/\/cct.uenp.edu.br\/?attachment_id=353\" rel=\"attachment wp-att-353\"><img loading=\"lazy\" decoding=\"async\" class=\"alignnone size-medium wp-image-353\" src=\"https:\/\/cct.uenp.edu.br\/wp-content\/uploads\/2024\/04\/tela3-300x169.png\" alt=\"\" width=\"300\" height=\"169\" srcset=\"https:\/\/cct.uenp.edu.br\/wp-content\/uploads\/2024\/04\/tela3-300x169.png 300w, https:\/\/cct.uenp.edu.br\/wp-content\/uploads\/2024\/04\/tela3-1024x576.png 1024w, https:\/\/cct.uenp.edu.br\/wp-content\/uploads\/2024\/04\/tela3-768x432.png 768w, https:\/\/cct.uenp.edu.br\/wp-content\/uploads\/2024\/04\/tela3-1536x864.png 1536w, https:\/\/cct.uenp.edu.br\/wp-content\/uploads\/2024\/04\/tela3.png 1600w\" sizes=\"auto, (max-width: 300px) 100vw, 300px\" \/><\/a><\/p>\n<p>&nbsp;<\/p>\n<h3>4 &#8211; Aplicativos de Autentica\u00e7\u00e3o Utilizados<\/h3>\n\n\n<div class=\"wp-block-columns is-layout-flex wp-container-core-columns-is-layout-9d6595d7 wp-block-columns-is-layout-flex\">\n<div class=\"wp-block-column is-layout-flow wp-block-column-is-layout-flow\">\n<figure class=\"wp-block-image size-large\"><a href=\"https:\/\/www.microsoft.com\/pt-br\/security\/mobile-authenticator-app#overview\"><img decoding=\"async\" src=\"https:\/\/imagedelivery.net\/KxWh-mxPGDbsqJB3c5_fmA\/7eac4f6d-3d92-475a-3dd8-b7d1452f8e00\/public\" alt=\"\"\/><\/a><figcaption class=\"wp-element-caption\">Android e IOS<\/figcaption><\/figure>\n<\/div>\n\n\n\n<div class=\"wp-block-column is-layout-flow wp-block-column-is-layout-flow\"><div class=\"wp-block-image\">\n<figure class=\"aligncenter size-full is-resized\"><a href=\"https:\/\/apps.apple.com\/br\/app\/google-authenticator\/id388497605\"><img loading=\"lazy\" decoding=\"async\" width=\"194\" height=\"227\" src=\"https:\/\/cct.uenp.edu.br\/wp-content\/uploads\/2024\/04\/google_autenticatorIOS.png\" alt=\"\" class=\"wp-image-291\" style=\"width:120px;height:auto\"\/><\/a><\/figure>\n<\/div><\/div>\n\n\n\n<div class=\"wp-block-column is-layout-flow wp-block-column-is-layout-flow\"><div class=\"wp-block-image\">\n<figure class=\"aligncenter size-full is-resized\"><a href=\"https:\/\/play.google.com\/store\/apps\/details?id=com.azure.authenticator\"><img loading=\"lazy\" decoding=\"async\" width=\"189\" height=\"222\" src=\"https:\/\/cct.uenp.edu.br\/wp-content\/uploads\/2024\/04\/google_autenticatorAndroid.png\" alt=\"\" class=\"wp-image-292\" style=\"width:123px;height:auto\"\/><\/a><\/figure>\n<\/div><\/div>\n<\/div>\n\n\n<p>.<\/p>\n<p style=\"text-align: center;\"><strong>Em caso de problemas com acesso, favor entrar em contato com suporte:<\/strong><\/p>\n<p style=\"text-align: center;\"><strong>ou dirijir-se a Secretaria do CCT<\/strong><\/p>\n<p style=\"text-align: center;\">Fernando\u00a0 Zechel:\u00a0 fernando.zechel@uenp.edu.br<\/p>\n<p style=\"text-align: center;\">","protected":false},"excerpt":{"rendered":"<p>Para acesso aos computadores dispostos nos laborat\u00f3rios de inform\u00e1tica do CCT o(a) acad\u00eamico(a) necessitar\u00e1 de um login individual de usu\u00e1rio. Um pr\u00e9-cadastro realizado pela equipe de suporte do CCT no\u00a0 Microsoft Entra ID\u00a0 permitir\u00e1 que o(a) acad\u00eamico(a) possa dar continuidade ao acesso aos computadores. &nbsp; Considere as seguintes informa\u00e7\u00f5es: 1 &#8211; Composi\u00e7\u00e3o do Login de&hellip; <br \/> <a class=\"read-more\" href=\"https:\/\/cct.uenp.edu.br\/?page_id=278\">Leia mais<\/a><\/p>\n","protected":false},"author":1,"featured_media":0,"parent":0,"menu_order":0,"comment_status":"closed","ping_status":"closed","template":"","meta":{"footnotes":""},"class_list":["post-278","page","type-page","status-publish","hentry"],"_links":{"self":[{"href":"https:\/\/cct.uenp.edu.br\/index.php?rest_route=\/wp\/v2\/pages\/278","targetHints":{"allow":["GET"]}}],"collection":[{"href":"https:\/\/cct.uenp.edu.br\/index.php?rest_route=\/wp\/v2\/pages"}],"about":[{"href":"https:\/\/cct.uenp.edu.br\/index.php?rest_route=\/wp\/v2\/types\/page"}],"author":[{"embeddable":true,"href":"https:\/\/cct.uenp.edu.br\/index.php?rest_route=\/wp\/v2\/users\/1"}],"replies":[{"embeddable":true,"href":"https:\/\/cct.uenp.edu.br\/index.php?rest_route=%2Fwp%2Fv2%2Fcomments&post=278"}],"version-history":[{"count":38,"href":"https:\/\/cct.uenp.edu.br\/index.php?rest_route=\/wp\/v2\/pages\/278\/revisions"}],"predecessor-version":[{"id":369,"href":"https:\/\/cct.uenp.edu.br\/index.php?rest_route=\/wp\/v2\/pages\/278\/revisions\/369"}],"wp:attachment":[{"href":"https:\/\/cct.uenp.edu.br\/index.php?rest_route=%2Fwp%2Fv2%2Fmedia&parent=278"}],"curies":[{"name":"wp","href":"https:\/\/api.w.org\/{rel}","templated":true}]}}